{"id":10227,"date":"2024-05-21T12:31:35","date_gmt":"2024-05-21T10:31:35","guid":{"rendered":"http:\/\/scaglieri.youelba.com\/contatti-appartamenti\/"},"modified":"2024-07-01T09:28:52","modified_gmt":"2024-07-01T07:28:52","slug":"kontakt-wohnungen","status":"publish","type":"page","link":"https:\/\/www.scaglieri.it\/de\/kontakt-wohnungen\/","title":{"rendered":"Kontakt Wohnungen"},"content":{"rendered":"\t\t<div data-elementor-type=\"wp-page\" data-elementor-id=\"10227\" class=\"elementor elementor-10227 elementor-8805\">\n\t\t\t\t\t\t<section class=\"elementor-section elementor-top-section elementor-element elementor-element-e8a26fe elementor-section-boxed elementor-section-height-default elementor-section-height-default\" data-id=\"e8a26fe\" data-element_type=\"section\">\n\t\t\t\t\t\t<div class=\"elementor-container elementor-column-gap-default\">\n\t\t\t\t\t<div class=\"elementor-column elementor-col-100 elementor-top-column elementor-element elementor-element-920637f\" data-id=\"920637f\" data-element_type=\"column\">\n\t\t\t<div class=\"elementor-widget-wrap elementor-element-populated\">\n\t\t\t\t\t\t<section class=\"elementor-section elementor-inner-section elementor-element elementor-element-f70bad1 elementor-section-boxed elementor-section-height-default elementor-section-height-default\" data-id=\"f70bad1\" data-element_type=\"section\" data-settings=\"{&quot;background_background&quot;:&quot;classic&quot;}\">\n\t\t\t\t\t\t<div class=\"elementor-container elementor-column-gap-default\">\n\t\t\t\t\t<div class=\"elementor-column elementor-col-50 elementor-inner-column elementor-element elementor-element-d1d7a16 elementor-invisible\" data-id=\"d1d7a16\" data-element_type=\"column\" data-settings=\"{&quot;animation&quot;:&quot;fadeInUp&quot;}\">\n\t\t\t<div class=\"elementor-widget-wrap elementor-element-populated\">\n\t\t\t\t\t\t<section class=\"elementor-section elementor-inner-section elementor-element elementor-element-178b606 elementor-section-boxed elementor-section-height-default elementor-section-height-default\" data-id=\"178b606\" data-element_type=\"section\">\n\t\t\t\t\t\t<div class=\"elementor-container elementor-column-gap-default\">\n\t\t\t\t\t<div class=\"elementor-column elementor-col-100 elementor-inner-column elementor-element elementor-element-ff51707\" data-id=\"ff51707\" data-element_type=\"column\">\n\t\t\t<div class=\"elementor-widget-wrap elementor-element-populated\">\n\t\t\t\t\t\t<div class=\"elementor-element elementor-element-08f077c elementor-widget elementor-widget-section-title\" data-id=\"08f077c\" data-element_type=\"widget\" data-widget_type=\"section-title.default\">\n\t\t\t\t<div class=\"elementor-widget-container\">\n\t\t\t\t\t\r\n\t\t\t\t\t<div class=\"section-title style2 left\">\r\n\t\t\t\t\t\t\t\t\r\n\t\t\t\t \r\n\t\t\t\t\t<h3 class=\"title\">KONTAKTIEREN SIE UNS<\/h3>\r\n\t\t\t\t\t\t\t\t\r\n\t\t\t\t\t\t\t<\/div>\r\n\r\n\t\t\r\n\t\t\t\t\t\t<\/div>\n\t\t\t\t<\/div>\n\t\t\t\t\t<\/div>\n\t\t<\/div>\n\t\t\t\t\t<\/div>\n\t\t<\/section>\n\t\t\t\t<section class=\"elementor-section elementor-inner-section elementor-element elementor-element-4a2deb7 elementor-section-boxed elementor-section-height-default elementor-section-height-default\" data-id=\"4a2deb7\" data-element_type=\"section\">\n\t\t\t\t\t\t<div class=\"elementor-container elementor-column-gap-default\">\n\t\t\t\t\t<div class=\"elementor-column elementor-col-100 elementor-inner-column elementor-element elementor-element-b91bb5f\" data-id=\"b91bb5f\" data-element_type=\"column\">\n\t\t\t<div class=\"elementor-widget-wrap elementor-element-populated\">\n\t\t\t\t\t\t<div class=\"elementor-element elementor-element-2311561 elementor-widget elementor-widget-section-title\" data-id=\"2311561\" data-element_type=\"widget\" data-widget_type=\"section-title.default\">\n\t\t\t\t<div class=\"elementor-widget-container\">\n\t\t\t\t\t\r\n\t\t\t\t\t<div class=\"section-title style4 \">\r\n\t\t\t\t\t\t\t\t\r\n\t\t\t\t \r\n\t\t\t\t\t<h3 class=\"title\">Wohnung<\/h3>\r\n\t\t\t\t\t\t\t\t\r\n\t\t\t\t\t\t\t<\/div>\r\n\r\n\r\n\t\t\r\n\t\t\t\t\t\t<\/div>\n\t\t\t\t<\/div>\n\t\t\t\t<div class=\"elementor-element elementor-element-9d0700d elementor-widget elementor-widget-iconbox\" data-id=\"9d0700d\" data-element_type=\"widget\" data-widget_type=\"iconbox.default\">\n\t\t\t\t<div class=\"elementor-widget-container\">\n\t\t\t\t\t\n\t\t\t\t<div class=\"icon-box style-two\">\n\t\t\t<div class=\"icon-box-icon\">\n\t\t\t\t\t\t\t\t<div class=\"icon\">\n\t\t\t\t\t<i class=\"flaticon flaticon-call-answer\"><\/i>\n\t\t\t\t<\/div>\n\t\t\t\t\t\t\t<\/div>\n\t\t\t<div class=\"icon-box-content\">\n\t\t\t\t<div class=\"title\">\n\t\t\t\t\t<h2><\/h2>\n\t\t\t\t<\/div>\n\t\t\t\t<div class=\"description\">\n\t\t\t\t\t<p><a href=\"tel:3334878401\">+39 333 4878401<\/a><\/p>\n\t\t\t\t<\/div>\n\t\t\t<\/div>\n\t\t<\/div>\n\t\t\n\t\t\n\t\t\t\t\t\t<\/div>\n\t\t\t\t<\/div>\n\t\t\t\t<div class=\"elementor-element elementor-element-329f595 elementor-widget elementor-widget-iconbox\" data-id=\"329f595\" data-element_type=\"widget\" data-widget_type=\"iconbox.default\">\n\t\t\t\t<div class=\"elementor-widget-container\">\n\t\t\t\t\t\n\t\t\t\t<div class=\"icon-box style-two\">\n\t\t\t<div class=\"icon-box-icon\">\n\t\t\t\t\t\t\t\t<div class=\"icon\">\n\t\t\t\t\t<i class=\"flaticon flaticon-call-answer\"><\/i>\n\t\t\t\t<\/div>\n\t\t\t\t\t\t\t<\/div>\n\t\t\t<div class=\"icon-box-content\">\n\t\t\t\t<div class=\"title\">\n\t\t\t\t\t<h2><\/h2>\n\t\t\t\t<\/div>\n\t\t\t\t<div class=\"description\">\n\t\t\t\t\t<p><a href=\"tel:3338838887\">+39 333 8838887<\/a><\/p>\n\t\t\t\t<\/div>\n\t\t\t<\/div>\n\t\t<\/div>\n\t\t\n\t\t\n\t\t\t\t\t\t<\/div>\n\t\t\t\t<\/div>\n\t\t\t\t<div class=\"elementor-element elementor-element-8c089f9 elementor-widget elementor-widget-iconbox\" data-id=\"8c089f9\" data-element_type=\"widget\" data-widget_type=\"iconbox.default\">\n\t\t\t\t<div class=\"elementor-widget-container\">\n\t\t\t\t\t\n\t\t\t\t<div class=\"icon-box style-two\">\n\t\t\t<div class=\"icon-box-icon\">\n\t\t\t\t\t\t\t\t<div class=\"icon\">\n\t\t\t\t\t<i class=\"flaticon flaticon-mail\"><\/i>\n\t\t\t\t<\/div>\n\t\t\t\t\t\t\t<\/div>\n\t\t\t<div class=\"icon-box-content\">\n\t\t\t\t<div class=\"title\">\n\t\t\t\t\t<h2><\/h2>\n\t\t\t\t<\/div>\n\t\t\t\t<div class=\"description\">\n\t\t\t\t\t<p><a href=\"mailto:appartamenti@scaglieri.it\">appartamenti@scaglieri.it<\/a><\/p>\n\t\t\t\t<\/div>\n\t\t\t<\/div>\n\t\t<\/div>\n\t\t\n\t\t\n\t\t\t\t\t\t<\/div>\n\t\t\t\t<\/div>\n\t\t\t\t\t<\/div>\n\t\t<\/div>\n\t\t\t\t\t<\/div>\n\t\t<\/section>\n\t\t\t\t\t<\/div>\n\t\t<\/div>\n\t\t\t\t<div class=\"elementor-column elementor-col-50 elementor-inner-column elementor-element elementor-element-ac77907 elementor-invisible\" data-id=\"ac77907\" data-element_type=\"column\" data-settings=\"{&quot;animation&quot;:&quot;fadeInRight&quot;}\">\n\t\t\t<div class=\"elementor-widget-wrap elementor-element-populated\">\n\t\t\t\t\t\t<section class=\"elementor-section elementor-inner-section elementor-element elementor-element-adfecf2 main-contact elementor-section-boxed elementor-section-height-default elementor-section-height-default\" data-id=\"adfecf2\" data-element_type=\"section\" data-settings=\"{&quot;background_background&quot;:&quot;classic&quot;}\">\n\t\t\t\t\t\t<div class=\"elementor-container elementor-column-gap-default\">\n\t\t\t\t\t<div class=\"elementor-column elementor-col-100 elementor-inner-column elementor-element elementor-element-58aaa2b\" data-id=\"58aaa2b\" data-element_type=\"column\">\n\t\t\t<div class=\"elementor-widget-wrap elementor-element-populated\">\n\t\t\t\t\t\t<div class=\"elementor-element elementor-element-f30a440 elementor-widget elementor-widget-simple-heading\" data-id=\"f30a440\" data-element_type=\"widget\" data-widget_type=\"simple-heading.default\">\n\t\t\t\t<div class=\"elementor-widget-container\">\n\t\t\t\t\t\t\t\t\t\t<div class=\"heading style1\">\r\n\t\t\t\t<h3 class=\"heading-text\">F\u00fcllen Sie das Formular aus, um Informationen anzufordern<\/h3>\r\n\t\t\t<\/div>\r\n\t\t\t\t\t\t\t\t<\/div>\n\t\t\t\t<\/div>\n\t\t\t\t<div class=\"elementor-element elementor-element-35e73e8 elementor-widget elementor-widget-shortcode\" data-id=\"35e73e8\" data-element_type=\"widget\" data-widget_type=\"shortcode.default\">\n\t\t\t\t<div class=\"elementor-widget-container\">\n\t\t\t\t\t\t\t<div class=\"elementor-shortcode\">\n<div class=\"wpcf7 no-js\" id=\"wpcf7-f10338-o1\" lang=\"en-US\" dir=\"ltr\" data-wpcf7-id=\"10338\">\n<div class=\"screen-reader-response\"><p role=\"status\" aria-live=\"polite\" aria-atomic=\"true\"><\/p> <ul><\/ul><\/div>\n<form action=\"\/de\/wp-json\/wp\/v2\/pages\/10227#wpcf7-f10338-o1\" method=\"post\" class=\"wpcf7-form init\" aria-label=\"Contact form\" novalidate=\"novalidate\" data-status=\"init\">\n<div style=\"display: none;\">\n<input type=\"hidden\" name=\"_wpcf7\" value=\"10338\" \/>\n<input type=\"hidden\" name=\"_wpcf7_version\" value=\"6.0.6\" \/>\n<input type=\"hidden\" name=\"_wpcf7_locale\" value=\"en_US\" \/>\n<input type=\"hidden\" name=\"_wpcf7_unit_tag\" value=\"wpcf7-f10338-o1\" \/>\n<input type=\"hidden\" name=\"_wpcf7_container_post\" value=\"0\" \/>\n<input type=\"hidden\" name=\"_wpcf7_posted_data_hash\" value=\"\" \/>\n<input type=\"hidden\" name=\"_wpcf7_recaptcha_response\" value=\"\" \/>\n<\/div>\n<div class=\"form-area contact-form contact-two\">\n\t<div class=\"form-inner\">\n\t\t<div class=\"form-controls row\">\n\t\t\t<div class=\"col-md-6\">\n\t\t\t\t<div class=\"form-group\">\n\t\t\t\t\t<p><label>Name<\/label><br \/>\n<span class=\"wpcf7-form-control-wrap\" data-name=\"your-name\"><input size=\"40\" maxlength=\"400\" class=\"wpcf7-form-control wpcf7-text wpcf7-validates-as-required form-control\" aria-required=\"true\" aria-invalid=\"false\" value=\"\" type=\"text\" name=\"your-name\" \/><\/span>\n\t\t\t\t\t<\/p>\n\t\t\t\t<\/div>\n\t\t\t<\/div>\n\t\t\t<div class=\"col-md-6\">\n\t\t\t\t<div class=\"form-group\">\n\t\t\t\t\t<p><label>Nachname<\/label><br \/>\n<span class=\"wpcf7-form-control-wrap\" data-name=\"surname\"><input size=\"40\" maxlength=\"400\" class=\"wpcf7-form-control wpcf7-text wpcf7-validates-as-required form-control\" aria-required=\"true\" aria-invalid=\"false\" value=\"\" type=\"text\" name=\"surname\" \/><\/span>\n\t\t\t\t\t<\/p>\n\t\t\t\t<\/div>\n\t\t\t<\/div>\n\t\t\t<div class=\"col-md-6\">\n\t\t\t\t<div class=\"form-group\">\n\t\t\t\t\t<p><label>Email<\/label><br \/>\n<span class=\"wpcf7-form-control-wrap\" data-name=\"email\"><input size=\"40\" maxlength=\"400\" class=\"wpcf7-form-control wpcf7-email wpcf7-validates-as-required wpcf7-text wpcf7-validates-as-email form-control\" aria-required=\"true\" aria-invalid=\"false\" value=\"\" type=\"email\" name=\"email\" \/><\/span>\n\t\t\t\t\t<\/p>\n\t\t\t\t<\/div>\n\t\t\t<\/div>\n\t\t\t<div class=\"col-md-6\">\n\t\t\t\t<div class=\"form-group\">\n\t\t\t\t\t<p><label>Telefon<\/label><br \/>\n<span class=\"wpcf7-form-control-wrap\" data-name=\"phone\"><input size=\"40\" maxlength=\"400\" class=\"wpcf7-form-control wpcf7-tel wpcf7-validates-as-required wpcf7-text wpcf7-validates-as-tel form-control\" aria-required=\"true\" aria-invalid=\"false\" value=\"\" type=\"tel\" name=\"phone\" \/><\/span>\n\t\t\t\t\t<\/p>\n\t\t\t\t<\/div>\n\t\t\t<\/div>\n\t\t\t<div class=\"col-md-6\">\n\t\t\t\t<div class=\"form-group\">\n\t\t\t\t\t<p><label>Datum der Ankunft<\/label><br \/>\n<span class=\"wpcf7-form-control-wrap\" data-name=\"date-166\"><input class=\"wpcf7-form-control wpcf7-date wpcf7-validates-as-required wpcf7-validates-as-date form-control\" aria-required=\"true\" aria-invalid=\"false\" value=\"\" type=\"date\" name=\"date-166\" \/><\/span>\n\t\t\t\t\t<\/p>\n\t\t\t\t<\/div>\n\t\t\t<\/div>\n\t\t\t<div class=\"col-md-6\">\n\t\t\t\t<div class=\"form-group\">\n\t\t\t\t\t<p><label>Datum der Abreise<\/label><br \/>\n<span class=\"wpcf7-form-control-wrap\" data-name=\"date-751\"><input class=\"wpcf7-form-control wpcf7-date wpcf7-validates-as-required wpcf7-validates-as-date form-control\" aria-required=\"true\" aria-invalid=\"false\" value=\"\" type=\"date\" name=\"date-751\" \/><\/span>\n\t\t\t\t\t<\/p>\n\t\t\t\t<\/div>\n\t\t\t<\/div>\n\t\t\t<div class=\"col-md-6\">\n\t\t\t\t<div class=\"form-group\">\n\t\t\t\t\t<p><label>Erwachsene<\/label><br \/>\n<span class=\"wpcf7-form-control-wrap\" data-name=\"menu-67\"><select class=\"wpcf7-form-control wpcf7-select wpcf7-validates-as-required form-control\" aria-required=\"true\" aria-invalid=\"false\" name=\"menu-67\"><option value=\"1\">1<\/option><option value=\"2\">2<\/option><option value=\"3\">3<\/option><option value=\"4\">4<\/option><option value=\"5\">5<\/option><option value=\"6\">6<\/option><\/select><\/span>\n\t\t\t\t\t<\/p>\n\t\t\t\t<\/div>\n\t\t\t<\/div>\n\t\t\t<div class=\"col-md-6\">\n\t\t\t\t<div class=\"form-group\">\n\t\t\t\t\t<p><label>Kinder<\/label><br \/>\n<span class=\"wpcf7-form-control-wrap\" data-name=\"menu-68\"><select class=\"wpcf7-form-control wpcf7-select wpcf7-validates-as-required form-control\" aria-required=\"true\" aria-invalid=\"false\" name=\"menu-68\"><option value=\"0\">0<\/option><option value=\"1\">1<\/option><option value=\"2\">2<\/option><option value=\"3\">3<\/option><option value=\"4\">4<\/option><option value=\"5\">5<\/option><option value=\"6\">6<\/option><\/select><\/span>\n\t\t\t\t\t<\/p>\n\t\t\t\t<\/div>\n\t\t\t<\/div>\n\t\t\t<div class=\"col-md-12\">\n\t\t\t\t<div class=\"form-group\">\n\t\t\t\t\t<p><span class=\"wpcf7-form-control-wrap\" data-name=\"textarea-234\"><textarea cols=\"20\" rows=\"7\" maxlength=\"2000\" class=\"wpcf7-form-control wpcf7-textarea form-control\" aria-invalid=\"false\" placeholder=\"Nachricht\" name=\"textarea-234\"><\/textarea><\/span>\n\t\t\t\t\t<\/p>\n\t\t\t\t<\/div>\n\t\t\t<\/div>\n\t\t\t<div class=\"col-md-12\">\n\t\t\t\t<div class=\"form-group\">\n\t\t\t\t\t<p><label><span class=\"wpcf7-form-control-wrap\" data-name=\"acceptance-470\"><span class=\"wpcf7-form-control wpcf7-acceptance\"><span class=\"wpcf7-list-item\"><input type=\"checkbox\" name=\"acceptance-470\" value=\"1\" aria-invalid=\"false\" \/><\/span><\/span><\/span> Privacy: Die Datenschutzbestimmungen haben ich gelesen und autorisiere Sie zur Verarbeitung meiner personenbezogenen Daten gem\u00e4\u00df der EU-Verordnung 2016\/679. Ich best\u00e4tige, dass ich \u00e4lter als 16 Jahre alt bin.<\/label>\n\t\t\t\t\t<\/p>\n\t\t\t\t<\/div>\n\t\t\t<\/div>\n\t\t\t<div class=\"col-md-12\">\n\t\t\t\t<div class=\"form-group\">\n\t\t\t\t\t<div class=\"buttons\">\n\t\t\t\t\t\t<p><input class=\"wpcf7-form-control wpcf7-submit has-spinner button\" type=\"submit\" value=\"Senden Sie\" \/>\n\t\t\t\t\t\t<\/p>\n\t\t\t\t\t<\/div>\n\t\t\t\t<\/div>\n\t\t\t<\/div>\n\t\t<\/div>\n\t<\/div>\n<\/div><div class=\"wpcf7-response-output\" aria-hidden=\"true\"><\/div>\n<\/form>\n<\/div>\n<\/div>\n\t\t\t\t\t\t<\/div>\n\t\t\t\t<\/div>\n\t\t\t\t\t<\/div>\n\t\t<\/div>\n\t\t\t\t\t<\/div>\n\t\t<\/section>\n\t\t\t\t\t<\/div>\n\t\t<\/div>\n\t\t\t\t\t<\/div>\n\t\t<\/section>\n\t\t\t\t\t<\/div>\n\t\t<\/div>\n\t\t\t\t\t<\/div>\n\t\t<\/section>\n\t\t\t\t<section class=\"elementor-section elementor-top-section elementor-element elementor-element-e843b9e elementor-section-full_width elementor-hidden-desktop elementor-hidden-tablet elementor-hidden-mobile elementor-section-height-default elementor-section-height-default\" data-id=\"e843b9e\" data-element_type=\"section\">\n\t\t\t\t\t\t<div class=\"elementor-container elementor-column-gap-no\">\n\t\t\t\t\t<div class=\"elementor-column elementor-col-100 elementor-top-column elementor-element elementor-element-86f77c1\" data-id=\"86f77c1\" data-element_type=\"column\">\n\t\t\t<div class=\"elementor-widget-wrap elementor-element-populated\">\n\t\t\t\t\t\t<div class=\"elementor-element elementor-element-a1e1203 elementor-widget elementor-widget-google_maps\" data-id=\"a1e1203\" data-element_type=\"widget\" data-widget_type=\"google_maps.default\">\n\t\t\t\t<div class=\"elementor-widget-container\">\n\t\t\t\t\t\t\t<div class=\"elementor-custom-embed\">\n\t\t\t<iframe loading=\"lazy\"\n\t\t\t\t\tsrc=\"https:\/\/maps.google.com\/maps?q=scaglieri&#038;t=m&#038;z=18&#038;output=embed&#038;iwloc=near\"\n\t\t\t\t\ttitle=\"scaglieri\"\n\t\t\t\t\taria-label=\"scaglieri\"\n\t\t\t><\/iframe>\n\t\t<\/div>\n\t\t\t\t\t\t<\/div>\n\t\t\t\t<\/div>\n\t\t\t\t\t<\/div>\n\t\t<\/div>\n\t\t\t\t\t<\/div>\n\t\t<\/section>\n\t\t\t\t<\/div>\n\t\t","protected":false},"excerpt":{"rendered":"<p>KONTAKTIEREN SIE UNS Wohnung +39 333 4878401 +39 333 8838887 appartamenti@scaglieri.it F\u00fcllen Sie das Formular aus, um Informationen anzufordern<\/p>\n","protected":false},"author":1,"featured_media":10091,"parent":0,"menu_order":0,"comment_status":"closed","ping_status":"closed","template":"page-templates\/template-default.php","meta":{"footnotes":""},"class_list":["post-10227","page","type-page","status-publish","has-post-thumbnail","hentry"],"yoast_head":"<!-- This site is optimized with the Yoast SEO plugin v25.3 - https:\/\/yoast.com\/wordpress\/plugins\/seo\/ -->\n<title>Kontakt Wohnungen - Scaglieri<\/title>\n<meta name=\"description\" content=\"Sie k\u00f6nnen mit uns Kontakt aufnehmen, indem Sie das Formular ausf\u00fcllen. Fordern Sie Informationen \u00fcber unsere Wohnungen in Scaglieri an.\" \/>\n<meta name=\"robots\" content=\"index, follow, max-snippet:-1, max-image-preview:large, max-video-preview:-1\" \/>\n<link rel=\"canonical\" href=\"https:\/\/www.scaglieri.it\/de\/kontakt-wohnungen\/\" \/>\n<meta property=\"og:locale\" content=\"de_DE\" \/>\n<meta property=\"og:type\" content=\"article\" \/>\n<meta property=\"og:title\" content=\"Kontakt Wohnungen - Scaglieri\" \/>\n<meta property=\"og:description\" content=\"Sie k\u00f6nnen mit uns Kontakt aufnehmen, indem Sie das Formular ausf\u00fcllen. Fordern Sie Informationen \u00fcber unsere Wohnungen in Scaglieri an.\" \/>\n<meta property=\"og:url\" content=\"https:\/\/www.scaglieri.it\/de\/kontakt-wohnungen\/\" \/>\n<meta property=\"og:site_name\" content=\"Scaglieri\" \/>\n<meta property=\"article:modified_time\" content=\"2024-07-01T07:28:52+00:00\" \/>\n<meta property=\"og:image\" content=\"https:\/\/www.scaglieri.it\/wp-content\/uploads\/2024\/04\/Adele1.jpeg\" \/>\n\t<meta property=\"og:image:width\" content=\"1024\" \/>\n\t<meta property=\"og:image:height\" content=\"768\" \/>\n\t<meta property=\"og:image:type\" content=\"image\/jpeg\" \/>\n<meta name=\"twitter:card\" content=\"summary_large_image\" \/>\n<meta name=\"twitter:label1\" content=\"Gesch\u00e4tzte Lesezeit\" \/>\n\t<meta name=\"twitter:data1\" content=\"1\u00a0Minute\" \/>\n<script type=\"application\/ld+json\" class=\"yoast-schema-graph\">{\"@context\":\"https:\/\/schema.org\",\"@graph\":[{\"@type\":\"WebPage\",\"@id\":\"https:\/\/www.scaglieri.it\/de\/kontakt-wohnungen\/\",\"url\":\"https:\/\/www.scaglieri.it\/de\/kontakt-wohnungen\/\",\"name\":\"Kontakt Wohnungen - Scaglieri\",\"isPartOf\":{\"@id\":\"https:\/\/www.scaglieri.it\/#website\"},\"primaryImageOfPage\":{\"@id\":\"https:\/\/www.scaglieri.it\/de\/kontakt-wohnungen\/#primaryimage\"},\"image\":{\"@id\":\"https:\/\/www.scaglieri.it\/de\/kontakt-wohnungen\/#primaryimage\"},\"thumbnailUrl\":\"https:\/\/www.scaglieri.it\/wp-content\/uploads\/2024\/04\/Adele1.jpeg\",\"datePublished\":\"2024-05-21T10:31:35+00:00\",\"dateModified\":\"2024-07-01T07:28:52+00:00\",\"description\":\"Sie k\u00f6nnen mit uns Kontakt aufnehmen, indem Sie das Formular ausf\u00fcllen. Fordern Sie Informationen \u00fcber unsere Wohnungen in Scaglieri an.\",\"breadcrumb\":{\"@id\":\"https:\/\/www.scaglieri.it\/de\/kontakt-wohnungen\/#breadcrumb\"},\"inLanguage\":\"de\",\"potentialAction\":[{\"@type\":\"ReadAction\",\"target\":[\"https:\/\/www.scaglieri.it\/de\/kontakt-wohnungen\/\"]}]},{\"@type\":\"ImageObject\",\"inLanguage\":\"de\",\"@id\":\"https:\/\/www.scaglieri.it\/de\/kontakt-wohnungen\/#primaryimage\",\"url\":\"https:\/\/www.scaglieri.it\/wp-content\/uploads\/2024\/04\/Adele1.jpeg\",\"contentUrl\":\"https:\/\/www.scaglieri.it\/wp-content\/uploads\/2024\/04\/Adele1.jpeg\",\"width\":1024,\"height\":768},{\"@type\":\"BreadcrumbList\",\"@id\":\"https:\/\/www.scaglieri.it\/de\/kontakt-wohnungen\/#breadcrumb\",\"itemListElement\":[{\"@type\":\"ListItem\",\"position\":1,\"name\":\"Home\",\"item\":\"https:\/\/www.scaglieri.it\/de\/\"},{\"@type\":\"ListItem\",\"position\":2,\"name\":\"Kontakt Wohnungen\"}]},{\"@type\":\"WebSite\",\"@id\":\"https:\/\/www.scaglieri.it\/#website\",\"url\":\"https:\/\/www.scaglieri.it\/\",\"name\":\"Scaglieri\",\"description\":\"A Scaglieri trovate tutto quello che serve per un&#039;indementicabile vacanza all&#039;Isola d&#039;Elba.\",\"potentialAction\":[{\"@type\":\"SearchAction\",\"target\":{\"@type\":\"EntryPoint\",\"urlTemplate\":\"https:\/\/www.scaglieri.it\/?s={search_term_string}\"},\"query-input\":{\"@type\":\"PropertyValueSpecification\",\"valueRequired\":true,\"valueName\":\"search_term_string\"}}],\"inLanguage\":\"de\"}]}<\/script>\n<!-- \/ Yoast SEO plugin. -->","yoast_head_json":{"title":"Kontakt Wohnungen - Scaglieri","description":"Sie k\u00f6nnen mit uns Kontakt aufnehmen, indem Sie das Formular ausf\u00fcllen. Fordern Sie Informationen \u00fcber unsere Wohnungen in Scaglieri an.","robots":{"index":"index","follow":"follow","max-snippet":"max-snippet:-1","max-image-preview":"max-image-preview:large","max-video-preview":"max-video-preview:-1"},"canonical":"https:\/\/www.scaglieri.it\/de\/kontakt-wohnungen\/","og_locale":"de_DE","og_type":"article","og_title":"Kontakt Wohnungen - Scaglieri","og_description":"Sie k\u00f6nnen mit uns Kontakt aufnehmen, indem Sie das Formular ausf\u00fcllen. Fordern Sie Informationen \u00fcber unsere Wohnungen in Scaglieri an.","og_url":"https:\/\/www.scaglieri.it\/de\/kontakt-wohnungen\/","og_site_name":"Scaglieri","article_modified_time":"2024-07-01T07:28:52+00:00","og_image":[{"width":1024,"height":768,"url":"https:\/\/www.scaglieri.it\/wp-content\/uploads\/2024\/04\/Adele1.jpeg","type":"image\/jpeg"}],"twitter_card":"summary_large_image","twitter_misc":{"Gesch\u00e4tzte Lesezeit":"1\u00a0Minute"},"schema":{"@context":"https:\/\/schema.org","@graph":[{"@type":"WebPage","@id":"https:\/\/www.scaglieri.it\/de\/kontakt-wohnungen\/","url":"https:\/\/www.scaglieri.it\/de\/kontakt-wohnungen\/","name":"Kontakt Wohnungen - Scaglieri","isPartOf":{"@id":"https:\/\/www.scaglieri.it\/#website"},"primaryImageOfPage":{"@id":"https:\/\/www.scaglieri.it\/de\/kontakt-wohnungen\/#primaryimage"},"image":{"@id":"https:\/\/www.scaglieri.it\/de\/kontakt-wohnungen\/#primaryimage"},"thumbnailUrl":"https:\/\/www.scaglieri.it\/wp-content\/uploads\/2024\/04\/Adele1.jpeg","datePublished":"2024-05-21T10:31:35+00:00","dateModified":"2024-07-01T07:28:52+00:00","description":"Sie k\u00f6nnen mit uns Kontakt aufnehmen, indem Sie das Formular ausf\u00fcllen. Fordern Sie Informationen \u00fcber unsere Wohnungen in Scaglieri an.","breadcrumb":{"@id":"https:\/\/www.scaglieri.it\/de\/kontakt-wohnungen\/#breadcrumb"},"inLanguage":"de","potentialAction":[{"@type":"ReadAction","target":["https:\/\/www.scaglieri.it\/de\/kontakt-wohnungen\/"]}]},{"@type":"ImageObject","inLanguage":"de","@id":"https:\/\/www.scaglieri.it\/de\/kontakt-wohnungen\/#primaryimage","url":"https:\/\/www.scaglieri.it\/wp-content\/uploads\/2024\/04\/Adele1.jpeg","contentUrl":"https:\/\/www.scaglieri.it\/wp-content\/uploads\/2024\/04\/Adele1.jpeg","width":1024,"height":768},{"@type":"BreadcrumbList","@id":"https:\/\/www.scaglieri.it\/de\/kontakt-wohnungen\/#breadcrumb","itemListElement":[{"@type":"ListItem","position":1,"name":"Home","item":"https:\/\/www.scaglieri.it\/de\/"},{"@type":"ListItem","position":2,"name":"Kontakt Wohnungen"}]},{"@type":"WebSite","@id":"https:\/\/www.scaglieri.it\/#website","url":"https:\/\/www.scaglieri.it\/","name":"Scaglieri","description":"A Scaglieri trovate tutto quello che serve per un&#039;indementicabile vacanza all&#039;Isola d&#039;Elba.","potentialAction":[{"@type":"SearchAction","target":{"@type":"EntryPoint","urlTemplate":"https:\/\/www.scaglieri.it\/?s={search_term_string}"},"query-input":{"@type":"PropertyValueSpecification","valueRequired":true,"valueName":"search_term_string"}}],"inLanguage":"de"}]}},"_links":{"self":[{"href":"https:\/\/www.scaglieri.it\/de\/wp-json\/wp\/v2\/pages\/10227","targetHints":{"allow":["GET"]}}],"collection":[{"href":"https:\/\/www.scaglieri.it\/de\/wp-json\/wp\/v2\/pages"}],"about":[{"href":"https:\/\/www.scaglieri.it\/de\/wp-json\/wp\/v2\/types\/page"}],"author":[{"embeddable":true,"href":"https:\/\/www.scaglieri.it\/de\/wp-json\/wp\/v2\/users\/1"}],"replies":[{"embeddable":true,"href":"https:\/\/www.scaglieri.it\/de\/wp-json\/wp\/v2\/comments?post=10227"}],"version-history":[{"count":5,"href":"https:\/\/www.scaglieri.it\/de\/wp-json\/wp\/v2\/pages\/10227\/revisions"}],"predecessor-version":[{"id":10355,"href":"https:\/\/www.scaglieri.it\/de\/wp-json\/wp\/v2\/pages\/10227\/revisions\/10355"}],"wp:featuredmedia":[{"embeddable":true,"href":"https:\/\/www.scaglieri.it\/de\/wp-json\/wp\/v2\/media\/10091"}],"wp:attachment":[{"href":"https:\/\/www.scaglieri.it\/de\/wp-json\/wp\/v2\/media?parent=10227"}],"curies":[{"name":"wp","href":"https:\/\/api.w.org\/{rel}","templated":true}]}}